{"id":50,"date":"2016-09-12T09:57:08","date_gmt":"2016-09-12T09:57:08","guid":{"rendered":"http:\/\/hosting8059042.az.pl\/komnet\/?page_id=50"},"modified":"2020-01-22T13:27:24","modified_gmt":"2020-01-22T13:27:24","slug":"internet","status":"publish","type":"page","link":"http:\/\/komnetpc.pl\/komnet\/internet\/","title":{"rendered":"Internet"},"content":{"rendered":"<p>[et_pb_section fb_built=&#8221;1&#8243; custom_padding_last_edited=&#8221;on|desktop&#8221; admin_label=&#8221;section&#8221; _builder_version=&#8221;4.2.2&#8243; background_image=&#8221;https:\/\/komnetpc.pl\/komnet\/wp-content\/uploads\/2016\/09\/wide2.jpg&#8221; custom_padding=&#8221;10px|0px|0px|0px&#8221; custom_padding_tablet=&#8221;50px|0|50px|0&#8243; hover_enabled=&#8221;0&#8243; transparent_background=&#8221;off&#8221; padding_mobile=&#8221;off&#8221; make_fullwidth=&#8221;off&#8221; use_custom_width=&#8221;off&#8221; width_unit=&#8221;off&#8221; custom_width_px=&#8221;1080px&#8221; custom_width_percent=&#8221;80%&#8221;][et_pb_row padding_mobile=&#8221;off&#8221; column_padding_mobile=&#8221;on&#8221; admin_label=&#8221;row&#8221; _builder_version=&#8221;3.25&#8243; background_size=&#8221;initial&#8221; background_position=&#8221;top_left&#8221; background_repeat=&#8221;repeat&#8221; make_fullwidth=&#8221;off&#8221; use_custom_width=&#8221;off&#8221; width_unit=&#8221;off&#8221; custom_width_px=&#8221;1080px&#8221; custom_width_percent=&#8221;80%&#8221; column_structure=&#8221;1_2,1_2&#8243;][et_pb_column type=&#8221;1_2&#8243; _builder_version=&#8221;3.25&#8243; custom_padding=&#8221;|||&#8221; custom_padding__hover=&#8221;|||&#8221;][et_pb_text admin_label=&#8221;Tekst&#8221; _builder_version=&#8221;3.27.4&#8243; background_size=&#8221;initial&#8221; background_position=&#8221;top_left&#8221; background_repeat=&#8221;repeat&#8221; use_border_color=&#8221;off&#8221; border_style=&#8221;solid&#8221;]<\/p>\n<h1><span style=\"color: #ffffff; font-size: xx-large;\" mce-data-marked=\"1\" data-mce-style=\"color: #ffffff; font-size: xx-large;\"><strong>Internet<\/strong><\/span><\/h1>\n<p>[\/et_pb_text][\/et_pb_column][et_pb_column type=&#8221;1_2&#8243; _builder_version=&#8221;3.25&#8243; custom_padding=&#8221;|||&#8221; custom_padding__hover=&#8221;|||&#8221;][\/et_pb_column][\/et_pb_row][\/et_pb_section][et_pb_section fb_built=&#8221;1&#8243; custom_padding_last_edited=&#8221;on|desktop&#8221; admin_label=&#8221;section&#8221; _builder_version=&#8221;3.22&#8243; custom_padding_tablet=&#8221;50px|0|50px|0&#8243; transparent_background=&#8221;off&#8221; padding_mobile=&#8221;off&#8221; make_fullwidth=&#8221;off&#8221; use_custom_width=&#8221;off&#8221; width_unit=&#8221;off&#8221; custom_width_px=&#8221;1080px&#8221; custom_width_percent=&#8221;80%&#8221;][et_pb_row padding_mobile=&#8221;off&#8221; column_padding_mobile=&#8221;on&#8221; admin_label=&#8221;row&#8221; _builder_version=&#8221;3.25&#8243; background_size=&#8221;initial&#8221; background_position=&#8221;top_left&#8221; background_repeat=&#8221;repeat&#8221; make_fullwidth=&#8221;off&#8221; use_custom_width=&#8221;off&#8221; width_unit=&#8221;off&#8221; custom_width_px=&#8221;1080px&#8221; custom_width_percent=&#8221;80%&#8221;][et_pb_column type=&#8221;4_4&#8243; _builder_version=&#8221;3.25&#8243; custom_padding=&#8221;|||&#8221; custom_padding__hover=&#8221;|||&#8221;][et_pb_text admin_label=&#8221;Tekst&#8221; _builder_version=&#8221;3.27.4&#8243; background_size=&#8221;initial&#8221; background_position=&#8221;top_left&#8221; background_repeat=&#8221;repeat&#8221; use_border_color=&#8221;off&#8221; border_style=&#8221;solid&#8221;]<\/p>\n<p>Swoj\u0105 ofert\u0119 \u015bwiadczenia us\u0142ug dost\u0119pu do internetu kierujemy do u\u017cytkownik\u00f3w indywidualnych oraz do firm i instytucji. Opr\u00f3cz samej us\u0142ugi dost\u0119pu do internetu firma KOMNET oferuje rozwi\u0105zania zapewniaj\u0105ce sta\u0142y serwis, obs\u0142ug\u0119 z okre\u015blonym czasem reakcji,<br \/>\na tak\u017ce konsolidacj\u0119 z istniej\u0105cymi systemami.<\/p>\n<p>[\/et_pb_text][et_pb_text admin_label=&#8221;Tekst&#8221; _builder_version=&#8221;3.27.4&#8243; background_size=&#8221;initial&#8221; background_position=&#8221;top_left&#8221; background_repeat=&#8221;repeat&#8221; use_border_color=&#8221;off&#8221; border_style=&#8221;solid&#8221;]<\/p>\n<p>Swoj\u0105 ofert\u0119 \u015bwiadczenia us\u0142ug dost\u0119pu do internetu kierujemy do u\u017cytkownik\u00f3w indywidualnych oraz do firm i instytucji. Opr\u00f3cz samej us\u0142ugi dost\u0119pu do internetu firma KOMNET oferuje rozwi\u0105zania zapewniaj\u0105ce sta\u0142y serwis, obs\u0142ug\u0119 z okre\u015blonym czasem reakcji,<br \/>\na tak\u017ce konsolidacj\u0119 z istniej\u0105cymi systemami.<\/p>\n<p>[\/et_pb_text][\/et_pb_column][\/et_pb_row][\/et_pb_section]<\/p>\n","protected":false},"excerpt":{"rendered":"<p>InternetSwoj\u0105 ofert\u0119 \u015bwiadczenia us\u0142ug dost\u0119pu do internetu kierujemy do u\u017cytkownik\u00f3w indywidualnych oraz do firm i instytucji. Opr\u00f3cz samej us\u0142ugi dost\u0119pu do internetu firma KOMNET oferuje rozwi\u0105zania zapewniaj\u0105ce sta\u0142y serwis, obs\u0142ug\u0119 z okre\u015blonym czasem reakcji, a tak\u017ce konsolidacj\u0119 z istniej\u0105cymi systemami.Swoj\u0105 ofert\u0119 \u015bwiadczenia us\u0142ug dost\u0119pu do internetu kierujemy do u\u017cytkownik\u00f3w indywidualnych oraz do firm i instytucji. [&hellip;]<\/p>\n","protected":false},"author":1,"featured_media":0,"parent":0,"menu_order":0,"comment_status":"closed","ping_status":"closed","template":"","meta":{"_et_pb_use_builder":"on","_et_pb_old_content":"<p>Swoj\u0105 ofert\u0119 \u015bwiadczenia us\u0142ug dost\u0119pu do internetu kierujemy do u\u017cytkownik\u00f3w indywidualnych oraz do firm i instytucji. Opr\u00f3cz samej us\u0142ugi dost\u0119pu do internetu firma KOMNET oferuje rozwi\u0105zania zapewniaj\u0105ce sta\u0142y serwis, obs\u0142ug\u0119 z okre\u015blonym czasem reakcji,<br \/> a tak\u017ce konsolidacj\u0119 z istniej\u0105cymi systemami.<\/p>","_et_gb_content_width":"","footnotes":""},"class_list":["post-50","page","type-page","status-publish","hentry"],"_links":{"self":[{"href":"http:\/\/komnetpc.pl\/komnet\/wp-json\/wp\/v2\/pages\/50","targetHints":{"allow":["GET"]}}],"collection":[{"href":"http:\/\/komnetpc.pl\/komnet\/wp-json\/wp\/v2\/pages"}],"about":[{"href":"http:\/\/komnetpc.pl\/komnet\/wp-json\/wp\/v2\/types\/page"}],"author":[{"embeddable":true,"href":"http:\/\/komnetpc.pl\/komnet\/wp-json\/wp\/v2\/users\/1"}],"replies":[{"embeddable":true,"href":"http:\/\/komnetpc.pl\/komnet\/wp-json\/wp\/v2\/comments?post=50"}],"version-history":[{"count":8,"href":"http:\/\/komnetpc.pl\/komnet\/wp-json\/wp\/v2\/pages\/50\/revisions"}],"predecessor-version":[{"id":340,"href":"http:\/\/komnetpc.pl\/komnet\/wp-json\/wp\/v2\/pages\/50\/revisions\/340"}],"wp:attachment":[{"href":"http:\/\/komnetpc.pl\/komnet\/wp-json\/wp\/v2\/media?parent=50"}],"curies":[{"name":"wp","href":"https:\/\/api.w.org\/{rel}","templated":true}]}}